{"id":39,"date":"2025-02-07T09:23:08","date_gmt":"2025-02-07T09:23:08","guid":{"rendered":"https:\/\/flaeming-burgen.de\/a-propos-de-nous\/"},"modified":"2025-02-07T14:02:01","modified_gmt":"2025-02-07T14:02:01","slug":"a-propos-de-nous","status":"publish","type":"page","link":"https:\/\/flaeming-burgen.de\/ro\/a-propos-de-nous\/","title":{"rendered":"Despre noi"},"content":{"rendered":"<h2>Exprim\u0103-\u021bi stilul, f\u0103r\u0103 compromisuri<\/h2>\n<p>Flaeming Burgen este un spa\u021biu dedicat modei \u0219i exprim\u0103rii personale prin \u00eembr\u0103c\u0103minte. Fiecare articol exploreaz\u0103 tendin\u021bele actuale, elementele esen\u021biale ale garderobei \u0219i sfaturi pentru a-\u021bi afirma stilul \u00een fiecare zi.<\/p>\n<p><img loading=\"lazy\" decoding=\"async\" class=\"aligncenter wp-image-38 size-full\" src=\"https:\/\/flaeming-burgen.de\/wp-content\/uploads\/2025\/02\/strannaya-zhenshhina-regulirovki-kurtku.jpg\" alt=\"\" width=\"612\" height=\"408\" srcset=\"https:\/\/flaeming-burgen.de\/wp-content\/uploads\/2025\/02\/strannaya-zhenshhina-regulirovki-kurtku.jpg 612w, https:\/\/flaeming-burgen.de\/wp-content\/uploads\/2025\/02\/strannaya-zhenshhina-regulirovki-kurtku-300x200.jpg 300w, https:\/\/flaeming-burgen.de\/wp-content\/uploads\/2025\/02\/strannaya-zhenshhina-regulirovki-kurtku-120x80.jpg 120w, https:\/\/flaeming-burgen.de\/wp-content\/uploads\/2025\/02\/strannaya-zhenshhina-regulirovki-kurtku-360x240.jpg 360w, https:\/\/flaeming-burgen.de\/wp-content\/uploads\/2025\/02\/strannaya-zhenshhina-regulirovki-kurtku-600x400.jpg 600w\" sizes=\"auto, (max-width: 612px) 100vw, 612px\" \/><\/p>\n<h2>De ce s\u0103-l urm\u0103re\u0219ti pe Flaeming Burgen?<\/h2>\n<ul>\n<li>Descifrarea noilor tendin\u021be \u00een mod\u0103.<\/li>\n<li>Sfaturi practice pentru un look reu\u0219it.<\/li>\n<li>Idei pentru combina\u021bii vestimentare originale.<\/li>\n<li>Concentreaz\u0103-te pe designeri \u0219i branduri influente.<\/li>\n<li>Evolu\u021bia \u0219i istoria stilurilor vestimentare.<\/li>\n<\/ul>\n<h2>Un blog conceput pentru pasiona\u021bi<\/h2>\n<p>Indiferent dac\u0103 e\u0219ti \u00een c\u0103utarea de inspira\u021bie sau sfaturi pentru a-\u021bi perfec\u021biona garderoba, Flaeming Burgen este ghidul t\u0103u de mod\u0103 ideal. Aici, creativitatea \u0219i elegan\u021ba se combin\u0103 pentru a-\u021bi \u00eembun\u0103t\u0103\u021bi stilul.<\/p>","protected":false},"excerpt":{"rendered":"<p>Exprimez votre style, sans compromis Flaeming Burgen est un espace d\u00e9di\u00e9 \u00e0 la mode et \u00e0 l\u2019expression de soi \u00e0[&#8230;]<\/p>","protected":false},"author":1,"featured_media":0,"parent":0,"menu_order":0,"comment_status":"closed","ping_status":"closed","template":"","meta":{"_acf_changed":false,"footnotes":""},"class_list":["post-39","page","type-page","status-publish","hentry"],"acf":[],"yoast_head":"<!-- This site is optimized with the Yoast SEO plugin v23.2 - https:\/\/yoast.com\/wordpress\/plugins\/seo\/ -->\n<title>\u00c0 propos de nous - flaeming-burgen.de<\/title>\n<meta name=\"description\" content=\"Flaeming Burgen est un blog d\u00e9di\u00e9 \u00e0 la mode et aux v\u00eatements. Inspirez-vous des tendances, conseils et astuces pour un style unique.\" \/>\n<meta name=\"robots\" content=\"index, follow, max-snippet:-1, max-image-preview:large, max-video-preview:-1\" \/>\n<link rel=\"canonical\" href=\"https:\/\/flaeming-burgen.de\/ro\/a-propos-de-nous\/\" \/>\n<meta property=\"og:locale\" content=\"ro_RO\" \/>\n<meta property=\"og:type\" content=\"article\" \/>\n<meta property=\"og:title\" content=\"\u00c0 propos de nous - flaeming-burgen.de\" \/>\n<meta property=\"og:description\" content=\"Flaeming Burgen est un blog d\u00e9di\u00e9 \u00e0 la mode et aux v\u00eatements. Inspirez-vous des tendances, conseils et astuces pour un style unique.\" \/>\n<meta property=\"og:url\" content=\"https:\/\/flaeming-burgen.de\/ro\/a-propos-de-nous\/\" \/>\n<meta property=\"og:site_name\" content=\"flaeming-burgen.de\" \/>\n<meta property=\"article:modified_time\" content=\"2025-02-07T14:02:01+00:00\" \/>\n<meta property=\"og:image\" content=\"https:\/\/flaeming-burgen.de\/wp-content\/uploads\/2025\/02\/strannaya-zhenshhina-regulirovki-kurtku.jpg\" \/>\n<meta name=\"twitter:card\" content=\"summary_large_image\" \/>\n<meta name=\"twitter:label1\" content=\"Timp estimat pentru citire\" \/>\n\t<meta name=\"twitter:data1\" content=\"1 minut\" \/>\n<script type=\"application\/ld+json\" class=\"yoast-schema-graph\">{\"@context\":\"https:\/\/schema.org\",\"@graph\":[{\"@type\":\"WebPage\",\"@id\":\"https:\/\/flaeming-burgen.de\/a-propos-de-nous\/\",\"url\":\"https:\/\/flaeming-burgen.de\/a-propos-de-nous\/\",\"name\":\"\u00c0 propos de nous - flaeming-burgen.de\",\"isPartOf\":{\"@id\":\"https:\/\/flaeming-burgen.de\/#website\"},\"primaryImageOfPage\":{\"@id\":\"https:\/\/flaeming-burgen.de\/a-propos-de-nous\/#primaryimage\"},\"image\":{\"@id\":\"https:\/\/flaeming-burgen.de\/a-propos-de-nous\/#primaryimage\"},\"thumbnailUrl\":\"https:\/\/flaeming-burgen.de\/wp-content\/uploads\/2025\/02\/strannaya-zhenshhina-regulirovki-kurtku.jpg\",\"datePublished\":\"2025-02-07T09:23:08+00:00\",\"dateModified\":\"2025-02-07T14:02:01+00:00\",\"description\":\"Flaeming Burgen est un blog d\u00e9di\u00e9 \u00e0 la mode et aux v\u00eatements. Inspirez-vous des tendances, conseils et astuces pour un style unique.\",\"breadcrumb\":{\"@id\":\"https:\/\/flaeming-burgen.de\/a-propos-de-nous\/#breadcrumb\"},\"inLanguage\":\"ro-RO\",\"potentialAction\":[{\"@type\":\"ReadAction\",\"target\":[\"https:\/\/flaeming-burgen.de\/a-propos-de-nous\/\"]}]},{\"@type\":\"ImageObject\",\"inLanguage\":\"ro-RO\",\"@id\":\"https:\/\/flaeming-burgen.de\/a-propos-de-nous\/#primaryimage\",\"url\":\"https:\/\/flaeming-burgen.de\/wp-content\/uploads\/2025\/02\/strannaya-zhenshhina-regulirovki-kurtku.jpg\",\"contentUrl\":\"https:\/\/flaeming-burgen.de\/wp-content\/uploads\/2025\/02\/strannaya-zhenshhina-regulirovki-kurtku.jpg\"},{\"@type\":\"BreadcrumbList\",\"@id\":\"https:\/\/flaeming-burgen.de\/a-propos-de-nous\/#breadcrumb\",\"itemListElement\":[{\"@type\":\"ListItem\",\"position\":1,\"name\":\"Home\",\"item\":\"https:\/\/flaeming-burgen.de\/\"},{\"@type\":\"ListItem\",\"position\":2,\"name\":\"\u00c0 propos de nous\"}]},{\"@type\":\"WebSite\",\"@id\":\"https:\/\/flaeming-burgen.de\/#website\",\"url\":\"https:\/\/flaeming-burgen.de\/\",\"name\":\"flaeming-burgen.de\",\"description\":\"L\u2019\u00c9l\u00e9gance Accessible | Des conseils pour ma\u00eetriser votre look en toute saison\",\"potentialAction\":[{\"@type\":\"SearchAction\",\"target\":{\"@type\":\"EntryPoint\",\"urlTemplate\":\"https:\/\/flaeming-burgen.de\/?s={search_term_string}\"},\"query-input\":\"required name=search_term_string\"}],\"inLanguage\":\"ro-RO\"}]}<\/script>\n<!-- \/ Yoast SEO plugin. -->","yoast_head_json":{"title":"\u00c0 propos de nous - flaeming-burgen.de","description":"Flaeming Burgen est un blog d\u00e9di\u00e9 \u00e0 la mode et aux v\u00eatements. Inspirez-vous des tendances, conseils et astuces pour un style unique.","robots":{"index":"index","follow":"follow","max-snippet":"max-snippet:-1","max-image-preview":"max-image-preview:large","max-video-preview":"max-video-preview:-1"},"canonical":"https:\/\/flaeming-burgen.de\/ro\/a-propos-de-nous\/","og_locale":"ro_RO","og_type":"article","og_title":"\u00c0 propos de nous - flaeming-burgen.de","og_description":"Flaeming Burgen est un blog d\u00e9di\u00e9 \u00e0 la mode et aux v\u00eatements. Inspirez-vous des tendances, conseils et astuces pour un style unique.","og_url":"https:\/\/flaeming-burgen.de\/ro\/a-propos-de-nous\/","og_site_name":"flaeming-burgen.de","article_modified_time":"2025-02-07T14:02:01+00:00","og_image":[{"url":"https:\/\/flaeming-burgen.de\/wp-content\/uploads\/2025\/02\/strannaya-zhenshhina-regulirovki-kurtku.jpg"}],"twitter_card":"summary_large_image","twitter_misc":{"Timp estimat pentru citire":"1 minut"},"schema":{"@context":"https:\/\/schema.org","@graph":[{"@type":"WebPage","@id":"https:\/\/flaeming-burgen.de\/a-propos-de-nous\/","url":"https:\/\/flaeming-burgen.de\/a-propos-de-nous\/","name":"\u00c0 propos de nous - flaeming-burgen.de","isPartOf":{"@id":"https:\/\/flaeming-burgen.de\/#website"},"primaryImageOfPage":{"@id":"https:\/\/flaeming-burgen.de\/a-propos-de-nous\/#primaryimage"},"image":{"@id":"https:\/\/flaeming-burgen.de\/a-propos-de-nous\/#primaryimage"},"thumbnailUrl":"https:\/\/flaeming-burgen.de\/wp-content\/uploads\/2025\/02\/strannaya-zhenshhina-regulirovki-kurtku.jpg","datePublished":"2025-02-07T09:23:08+00:00","dateModified":"2025-02-07T14:02:01+00:00","description":"Flaeming Burgen est un blog d\u00e9di\u00e9 \u00e0 la mode et aux v\u00eatements. Inspirez-vous des tendances, conseils et astuces pour un style unique.","breadcrumb":{"@id":"https:\/\/flaeming-burgen.de\/a-propos-de-nous\/#breadcrumb"},"inLanguage":"ro-RO","potentialAction":[{"@type":"ReadAction","target":["https:\/\/flaeming-burgen.de\/a-propos-de-nous\/"]}]},{"@type":"ImageObject","inLanguage":"ro-RO","@id":"https:\/\/flaeming-burgen.de\/a-propos-de-nous\/#primaryimage","url":"https:\/\/flaeming-burgen.de\/wp-content\/uploads\/2025\/02\/strannaya-zhenshhina-regulirovki-kurtku.jpg","contentUrl":"https:\/\/flaeming-burgen.de\/wp-content\/uploads\/2025\/02\/strannaya-zhenshhina-regulirovki-kurtku.jpg"},{"@type":"BreadcrumbList","@id":"https:\/\/flaeming-burgen.de\/a-propos-de-nous\/#breadcrumb","itemListElement":[{"@type":"ListItem","position":1,"name":"Home","item":"https:\/\/flaeming-burgen.de\/"},{"@type":"ListItem","position":2,"name":"\u00c0 propos de nous"}]},{"@type":"WebSite","@id":"https:\/\/flaeming-burgen.de\/#website","url":"https:\/\/flaeming-burgen.de\/","name":"flaeming-burgen.de","description":"L\u2019\u00c9l\u00e9gance Accessible | Des conseils pour ma\u00eetriser votre look en toute saison","potentialAction":[{"@type":"SearchAction","target":{"@type":"EntryPoint","urlTemplate":"https:\/\/flaeming-burgen.de\/?s={search_term_string}"},"query-input":"required name=search_term_string"}],"inLanguage":"ro-RO"}]}},"yoast_meta":{"yoast_wpseo_title":"","yoast_wpseo_metadesc":"","yoast_wpseo_canonical":"https:\/\/flaeming-burgen.de\/ro\/wp-json\/wp\/v2\/pages\/39"},"_links":{"self":[{"href":"https:\/\/flaeming-burgen.de\/ro\/wp-json\/wp\/v2\/pages\/39","targetHints":{"allow":["GET"]}}],"collection":[{"href":"https:\/\/flaeming-burgen.de\/ro\/wp-json\/wp\/v2\/pages"}],"about":[{"href":"https:\/\/flaeming-burgen.de\/ro\/wp-json\/wp\/v2\/types\/page"}],"author":[{"embeddable":true,"href":"https:\/\/flaeming-burgen.de\/ro\/wp-json\/wp\/v2\/users\/1"}],"replies":[{"embeddable":true,"href":"https:\/\/flaeming-burgen.de\/ro\/wp-json\/wp\/v2\/comments?post=39"}],"version-history":[{"count":1,"href":"https:\/\/flaeming-burgen.de\/ro\/wp-json\/wp\/v2\/pages\/39\/revisions"}],"predecessor-version":[{"id":45,"href":"https:\/\/flaeming-burgen.de\/ro\/wp-json\/wp\/v2\/pages\/39\/revisions\/45"}],"wp:attachment":[{"href":"https:\/\/flaeming-burgen.de\/ro\/wp-json\/wp\/v2\/media?parent=39"}],"curies":[{"name":"wp","href":"https:\/\/api.w.org\/{rel}","templated":true}]}}