{"id":40,"date":"2025-02-07T09:24:12","date_gmt":"2025-02-07T09:24:12","guid":{"rendered":"https:\/\/flaeming-burgen.de\/contacts\/"},"modified":"2025-02-07T09:24:12","modified_gmt":"2025-02-07T09:24:12","slug":"contacts","status":"publish","type":"page","link":"https:\/\/flaeming-burgen.de\/ro\/contacts\/","title":{"rendered":"Contacte"},"content":{"rendered":"<p>Dac\u0103 ave\u021bi \u00eentreb\u0103ri, sugestii sau dori\u021bi mai multe informa\u021bii despre articolele \u0219i produsele noastre de mod\u0103, ne-ar pl\u0103cea s\u0103 v\u0103 auzim. Echipa noastr\u0103 este disponibil\u0103 pentru a v\u0103 oferi orice asisten\u021b\u0103 de care a\u021bi putea avea nevoie.<\/p>\n<h2>Formular de contact<\/h2>\n<p>V\u0103 rug\u0103m s\u0103 completa\u021bi formularul de mai jos pentru a adresa \u00eentreb\u0103ri sau a face sugestii. V\u0103 vom r\u0103spunde c\u00e2t mai cur\u00e2nd posibil.<\/p>\n<form action=\"\/ro\/submit_form.php\/\" method=\"POST\" data-trp-original-action=\"submit_form.php\">\n      <label for=\"name\">Nume:<\/label><br \/>\n      <input type=\"text\" id=\"name\" name=\"name\" required><\/p>\n<p>      <label for=\"email\">E-mail:<\/label><br \/>\n      <input type=\"email\" id=\"email\" name=\"email\" required><\/p>\n<p>      <label for=\"message\">Mesaj:<\/label><br \/>\n      <textarea id=\"message\" name=\"message\" rows=\"4\" required><\/textarea><\/p>\n<p>      <button type=\"submit\">Trimite<\/button><br \/>\n    <input type=\"hidden\" name=\"trp-form-language\" value=\"ro\"\/><\/form>\n<p>V\u0103 mul\u021bumim c\u0103 ne-a\u021bi contactat. Vom face tot posibilul s\u0103 r\u0103spundem la mesajul dumneavoastr\u0103 c\u00e2t mai cur\u00e2nd posibil.<\/p>","protected":false},"excerpt":{"rendered":"<p>Si vous avez des questions, des suggestions ou souhaitez plus d\u2019informations concernant nos articles de mode et nos produits, nous[&#8230;]<\/p>","protected":false},"author":1,"featured_media":0,"parent":0,"menu_order":0,"comment_status":"closed","ping_status":"closed","template":"","meta":{"_acf_changed":false,"footnotes":""},"class_list":["post-40","page","type-page","status-publish","hentry"],"acf":[],"yoast_head":"<!-- This site is optimized with the Yoast SEO plugin v23.2 - https:\/\/yoast.com\/wordpress\/plugins\/seo\/ -->\n<title>Contacts - flaeming-burgen.de<\/title>\n<meta name=\"robots\" content=\"index, follow, max-snippet:-1, max-image-preview:large, max-video-preview:-1\" \/>\n<link rel=\"canonical\" href=\"https:\/\/flaeming-burgen.de\/ro\/contacts\/\" \/>\n<meta property=\"og:locale\" content=\"ro_RO\" \/>\n<meta property=\"og:type\" content=\"article\" \/>\n<meta property=\"og:title\" content=\"Contacts - flaeming-burgen.de\" \/>\n<meta property=\"og:description\" content=\"Si vous avez des questions, des suggestions ou souhaitez plus d\u2019informations concernant nos articles de mode et nos produits, nous[...]\" \/>\n<meta property=\"og:url\" content=\"https:\/\/flaeming-burgen.de\/ro\/contacts\/\" \/>\n<meta property=\"og:site_name\" content=\"flaeming-burgen.de\" \/>\n<meta name=\"twitter:card\" content=\"summary_large_image\" \/>\n<script type=\"application\/ld+json\" class=\"yoast-schema-graph\">{\"@context\":\"https:\/\/schema.org\",\"@graph\":[{\"@type\":\"WebPage\",\"@id\":\"https:\/\/flaeming-burgen.de\/contacts\/\",\"url\":\"https:\/\/flaeming-burgen.de\/contacts\/\",\"name\":\"Contacts - flaeming-burgen.de\",\"isPartOf\":{\"@id\":\"https:\/\/flaeming-burgen.de\/#website\"},\"datePublished\":\"2025-02-07T09:24:12+00:00\",\"dateModified\":\"2025-02-07T09:24:12+00:00\",\"breadcrumb\":{\"@id\":\"https:\/\/flaeming-burgen.de\/contacts\/#breadcrumb\"},\"inLanguage\":\"ro-RO\",\"potentialAction\":[{\"@type\":\"ReadAction\",\"target\":[\"https:\/\/flaeming-burgen.de\/contacts\/\"]}]},{\"@type\":\"BreadcrumbList\",\"@id\":\"https:\/\/flaeming-burgen.de\/contacts\/#breadcrumb\",\"itemListElement\":[{\"@type\":\"ListItem\",\"position\":1,\"name\":\"Home\",\"item\":\"https:\/\/flaeming-burgen.de\/\"},{\"@type\":\"ListItem\",\"position\":2,\"name\":\"Contacts\"}]},{\"@type\":\"WebSite\",\"@id\":\"https:\/\/flaeming-burgen.de\/#website\",\"url\":\"https:\/\/flaeming-burgen.de\/\",\"name\":\"flaeming-burgen.de\",\"description\":\"L\u2019\u00c9l\u00e9gance Accessible | Des conseils pour ma\u00eetriser votre look en toute saison\",\"potentialAction\":[{\"@type\":\"SearchAction\",\"target\":{\"@type\":\"EntryPoint\",\"urlTemplate\":\"https:\/\/flaeming-burgen.de\/?s={search_term_string}\"},\"query-input\":\"required name=search_term_string\"}],\"inLanguage\":\"ro-RO\"}]}<\/script>\n<!-- \/ Yoast SEO plugin. -->","yoast_head_json":{"title":"Contacts - flaeming-burgen.de","robots":{"index":"index","follow":"follow","max-snippet":"max-snippet:-1","max-image-preview":"max-image-preview:large","max-video-preview":"max-video-preview:-1"},"canonical":"https:\/\/flaeming-burgen.de\/ro\/contacts\/","og_locale":"ro_RO","og_type":"article","og_title":"Contacts - flaeming-burgen.de","og_description":"Si vous avez des questions, des suggestions ou souhaitez plus d\u2019informations concernant nos articles de mode et nos produits, nous[...]","og_url":"https:\/\/flaeming-burgen.de\/ro\/contacts\/","og_site_name":"flaeming-burgen.de","twitter_card":"summary_large_image","schema":{"@context":"https:\/\/schema.org","@graph":[{"@type":"WebPage","@id":"https:\/\/flaeming-burgen.de\/contacts\/","url":"https:\/\/flaeming-burgen.de\/contacts\/","name":"Contacts - flaeming-burgen.de","isPartOf":{"@id":"https:\/\/flaeming-burgen.de\/#website"},"datePublished":"2025-02-07T09:24:12+00:00","dateModified":"2025-02-07T09:24:12+00:00","breadcrumb":{"@id":"https:\/\/flaeming-burgen.de\/contacts\/#breadcrumb"},"inLanguage":"ro-RO","potentialAction":[{"@type":"ReadAction","target":["https:\/\/flaeming-burgen.de\/contacts\/"]}]},{"@type":"BreadcrumbList","@id":"https:\/\/flaeming-burgen.de\/contacts\/#breadcrumb","itemListElement":[{"@type":"ListItem","position":1,"name":"Home","item":"https:\/\/flaeming-burgen.de\/"},{"@type":"ListItem","position":2,"name":"Contacts"}]},{"@type":"WebSite","@id":"https:\/\/flaeming-burgen.de\/#website","url":"https:\/\/flaeming-burgen.de\/","name":"flaeming-burgen.de","description":"L\u2019\u00c9l\u00e9gance Accessible | Des conseils pour ma\u00eetriser votre look en toute saison","potentialAction":[{"@type":"SearchAction","target":{"@type":"EntryPoint","urlTemplate":"https:\/\/flaeming-burgen.de\/?s={search_term_string}"},"query-input":"required name=search_term_string"}],"inLanguage":"ro-RO"}]}},"yoast_meta":{"yoast_wpseo_title":"","yoast_wpseo_metadesc":"","yoast_wpseo_canonical":"https:\/\/flaeming-burgen.de\/ro\/wp-json\/wp\/v2\/pages\/40"},"_links":{"self":[{"href":"https:\/\/flaeming-burgen.de\/ro\/wp-json\/wp\/v2\/pages\/40","targetHints":{"allow":["GET"]}}],"collection":[{"href":"https:\/\/flaeming-burgen.de\/ro\/wp-json\/wp\/v2\/pages"}],"about":[{"href":"https:\/\/flaeming-burgen.de\/ro\/wp-json\/wp\/v2\/types\/page"}],"author":[{"embeddable":true,"href":"https:\/\/flaeming-burgen.de\/ro\/wp-json\/wp\/v2\/users\/1"}],"replies":[{"embeddable":true,"href":"https:\/\/flaeming-burgen.de\/ro\/wp-json\/wp\/v2\/comments?post=40"}],"version-history":[{"count":0,"href":"https:\/\/flaeming-burgen.de\/ro\/wp-json\/wp\/v2\/pages\/40\/revisions"}],"wp:attachment":[{"href":"https:\/\/flaeming-burgen.de\/ro\/wp-json\/wp\/v2\/media?parent=40"}],"curies":[{"name":"wp","href":"https:\/\/api.w.org\/{rel}","templated":true}]}}